{"id":621,"date":"2024-05-28T16:16:14","date_gmt":"2024-05-28T19:16:14","guid":{"rendered":"https:\/\/depositobotafogo.com.br\/?post_type=product&#038;p=621"},"modified":"2024-05-29T09:24:23","modified_gmt":"2024-05-29T12:24:23","slug":"revestimento-embramaco-colina-blue","status":"publish","type":"product","link":"https:\/\/depositobotafogo.com.br\/?product=revestimento-embramaco-colina-blue","title":{"rendered":"REVESTIMENTO EMBRAMACO COLINA BLUE"},"content":{"rendered":"<table class=\"group Especificacoes-Tecnicas\" cellspacing=\"0\">\n<tbody>\n<tr class=\"even\">\n<th class=\"name-field Tamanho\">Tamanho<\/th>\n<td class=\"value-field Tamanho\">33&#215;60<\/td>\n<\/tr>\n<tr>\n<th class=\"name-field M\u00b2-por-caixa\">M\u00b2 por caixa<\/th>\n<td class=\"value-field M\u00b2-por-caixa\">2,43<\/td>\n<\/tr>\n<tr class=\"even\">\n<th class=\"name-field Pecas-por-caixa\">Pe\u00e7as por caixa<\/th>\n<td class=\"value-field Pecas-por-caixa\">7<\/td>\n<\/tr>\n<tr>\n<th class=\"name-field Kg-por-caixa\">Kg por caixa<\/th>\n<td class=\"value-field Kg-por-caixa\">33,5<\/td>\n<\/tr>\n<tr class=\"even\">\n<th class=\"name-field Espessura-mm-\">Espessura (mm)<\/th>\n<td class=\"value-field Espessura-mm-\">7,4<\/td>\n<\/tr>\n<tr>\n<th class=\"name-field Retificado\">Retificado<\/th>\n<td class=\"value-field Retificado\">N\u00e3o<\/td>\n<\/tr>\n<tr class=\"even\">\n<th class=\"name-field Area-de-Uso\">\u00c1rea de Uso<\/th>\n<td class=\"value-field Area-de-Uso\">\u00c1reas internas<\/td>\n<\/tr>\n<\/tbody>\n<\/table>\n<p><img fetchpriority=\"high\" decoding=\"async\" class=\"alignnone size-full wp-image-622\" src=\"http:\/\/depositobotafogo.com.br\/wp-content\/uploads\/2024\/05\/COLINA.webp\" alt=\"\" width=\"1000\" height=\"1000\" srcset=\"https:\/\/depositobotafogo.com.br\/wp-content\/uploads\/2024\/05\/COLINA.webp 1000w, https:\/\/depositobotafogo.com.br\/wp-content\/uploads\/2024\/05\/COLINA-300x300.webp 300w, https:\/\/depositobotafogo.com.br\/wp-content\/uploads\/2024\/05\/COLINA-150x150.webp 150w, https:\/\/depositobotafogo.com.br\/wp-content\/uploads\/2024\/05\/COLINA-768x768.webp 768w, https:\/\/depositobotafogo.com.br\/wp-content\/uploads\/2024\/05\/COLINA-600x600.webp 600w, https:\/\/depositobotafogo.com.br\/wp-content\/uploads\/2024\/05\/COLINA-100x100.webp 100w\" sizes=\"(max-width: 1000px) 100vw, 1000px\" \/><\/p>\n","protected":false},"excerpt":{"rendered":"<p>Tamanho 33&#215;60 M\u00b2 por caixa 2,43 Pe\u00e7as por caixa 7 Kg por caixa 33,5 Espessura (mm) 7,4 Retificado N\u00e3o \u00c1rea&hellip;<\/p>\n","protected":false},"featured_media":622,"template":"","meta":[],"product_brand":[],"product_cat":[15,35],"product_tag":[],"class_list":{"0":"post-621","1":"product","2":"type-product","3":"status-publish","4":"has-post-thumbnail","6":"product_cat-sem-categoria","7":"product_cat-revestimentos-pisos-e-porcelanatos","9":"first","10":"instock","11":"shipping-taxable","12":"product-type-simple"},"_links":{"self":[{"href":"https:\/\/depositobotafogo.com.br\/index.php?rest_route=\/wp\/v2\/product\/621","targetHints":{"allow":["GET"]}}],"collection":[{"href":"https:\/\/depositobotafogo.com.br\/index.php?rest_route=\/wp\/v2\/product"}],"about":[{"href":"https:\/\/depositobotafogo.com.br\/index.php?rest_route=\/wp\/v2\/types\/product"}],"wp:featuredmedia":[{"embeddable":true,"href":"https:\/\/depositobotafogo.com.br\/index.php?rest_route=\/wp\/v2\/media\/622"}],"wp:attachment":[{"href":"https:\/\/depositobotafogo.com.br\/index.php?rest_route=%2Fwp%2Fv2%2Fmedia&parent=621"}],"wp:term":[{"taxonomy":"product_brand","embeddable":true,"href":"https:\/\/depositobotafogo.com.br\/index.php?rest_route=%2Fwp%2Fv2%2Fproduct_brand&post=621"},{"taxonomy":"product_cat","embeddable":true,"href":"https:\/\/depositobotafogo.com.br\/index.php?rest_route=%2Fwp%2Fv2%2Fproduct_cat&post=621"},{"taxonomy":"product_tag","embeddable":true,"href":"https:\/\/depositobotafogo.com.br\/index.php?rest_route=%2Fwp%2Fv2%2Fproduct_tag&post=621"}],"curies":[{"name":"wp","href":"https:\/\/api.w.org\/{rel}","templated":true}]}}