{"id":670,"date":"2024-05-30T11:33:50","date_gmt":"2024-05-30T14:33:50","guid":{"rendered":"https:\/\/depositobotafogo.com.br\/?post_type=product&#038;p=670"},"modified":"2024-05-30T11:33:50","modified_gmt":"2024-05-30T14:33:50","slug":"piso-embramaco-granito-plus-61512","status":"publish","type":"product","link":"https:\/\/depositobotafogo.com.br\/?product=piso-embramaco-granito-plus-61512","title":{"rendered":"PISO EMBRAMACO Granito Plus &#8211; 61512"},"content":{"rendered":"<p>PISO EMBRAMACO Granito Plus &#8211; 61512<\/p>\n<table>\n<tbody>\n<tr class=\"attr\">\n<td class=\"Montserrat  w-400\"><strong>Formato:<\/strong>\u00a060,5&#215;60,5cm<\/td>\n<\/tr>\n<\/tbody>\n<\/table>\n<div class=\"product-details-infos-table\">\n<table>\n<tbody>\n<tr class=\"attr-attr text-start\">\n<td class=\"Montserrat w-400\"><strong>Piso ou Parede:<\/strong>\u00a0Parede, Piso<\/td>\n<\/tr>\n<tr class=\"attr-attr text-start\">\n<td class=\"Montserrat w-400\"><strong>Junta de assentamento:<\/strong>\u00a05 mm<\/td>\n<\/tr>\n<tr class=\"attr-attr text-start\">\n<td class=\"Montserrat w-400\"><strong>Tipologia:<\/strong>\u00a0Brilhante<\/td>\n<\/tr>\n<tr class=\"attr-attr text-start\">\n<td class=\"Montserrat w-400\"><strong>Ambientes:<\/strong>\u00a0\u00c1rea Comercial, Banheiro, Cozinha, Quarto, Sacada Coberta, Sala, Varanda<\/td>\n<\/tr>\n<tr class=\"attr-attr text-start\">\n<td class=\"Montserrat w-400\"><strong>Linha:<\/strong>\u00a0Essencial<\/td>\n<\/tr>\n<tr class=\"attr-attr text-start\">\n<td class=\"Montserrat w-400\"><strong>Cores:<\/strong>\u00a0Branco<\/td>\n<\/tr>\n<tr class=\"attr-attr text-start\">\n<td class=\"Montserrat w-400\"><strong>Local de uso:<\/strong>\u00a0<strong>LD &#8211; Alto Tr\u00e1fego:<\/strong>\u00a0ALTO TR\u00c1FEGO: Ambientes residenciais e comerciais COBERTOS, com alto tr\u00e1fego de pessoas. Recomendado para locais onde N\u00c3O SE REQUER resist\u00eancia ao escorregamento (COF &lt; 0,4).<\/td>\n<\/tr>\n<tr class=\"attr-attr text-start\">\n<td class=\"Montserrat w-400\"><strong>Retificado:<\/strong>\u00a0N\u00e3o<\/td>\n<\/tr>\n<\/tbody>\n<\/table>\n<\/div>\n<h2 class=\"heading-24 givonic w-700 mb-4 mt-5\">Especifica\u00e7\u00f5es T\u00e9cnicas<\/h2>\n<table>\n<tbody>\n<tr class=\"attr\">\n<td class=\"Montserrat w-400\"><\/td>\n<td class=\"Montserrat w-400\"><\/td>\n<\/tr>\n<tr class=\"attr\">\n<td class=\"Montserrat w-400\"><\/td>\n<td class=\"Montserrat w-400\"><\/td>\n<\/tr>\n<tr class=\"attr\">\n<td class=\"Montserrat w-400\"><strong>m\u00b2\/Caixa:<\/strong>\u00a02,58m\u00b2<\/td>\n<\/tr>\n<\/tbody>\n<\/table>\n<p><img fetchpriority=\"high\" decoding=\"async\" class=\"alignnone size-large wp-image-672\" src=\"http:\/\/depositobotafogo.com.br\/wp-content\/uploads\/2024\/05\/61512-amb-1024x1024.webp\" alt=\"\" width=\"525\" height=\"525\" srcset=\"https:\/\/depositobotafogo.com.br\/wp-content\/uploads\/2024\/05\/61512-amb-1024x1024.webp 1024w, https:\/\/depositobotafogo.com.br\/wp-content\/uploads\/2024\/05\/61512-amb-300x300.webp 300w, https:\/\/depositobotafogo.com.br\/wp-content\/uploads\/2024\/05\/61512-amb-150x150.webp 150w, https:\/\/depositobotafogo.com.br\/wp-content\/uploads\/2024\/05\/61512-amb-768x768.webp 768w, https:\/\/depositobotafogo.com.br\/wp-content\/uploads\/2024\/05\/61512-amb-600x600.webp 600w, https:\/\/depositobotafogo.com.br\/wp-content\/uploads\/2024\/05\/61512-amb-100x100.webp 100w, https:\/\/depositobotafogo.com.br\/wp-content\/uploads\/2024\/05\/61512-amb.webp 1080w\" sizes=\"(max-width: 525px) 100vw, 525px\" \/> <img decoding=\"async\" class=\"alignnone size-large wp-image-673\" src=\"http:\/\/depositobotafogo.com.br\/wp-content\/uploads\/2024\/05\/61512-1024x1024.jpg\" alt=\"\" width=\"525\" height=\"525\" srcset=\"https:\/\/depositobotafogo.com.br\/wp-content\/uploads\/2024\/05\/61512-1024x1024.jpg 1024w, https:\/\/depositobotafogo.com.br\/wp-content\/uploads\/2024\/05\/61512-300x300.jpg 300w, https:\/\/depositobotafogo.com.br\/wp-content\/uploads\/2024\/05\/61512-150x150.jpg 150w, https:\/\/depositobotafogo.com.br\/wp-content\/uploads\/2024\/05\/61512-768x768.jpg 768w, https:\/\/depositobotafogo.com.br\/wp-content\/uploads\/2024\/05\/61512-1536x1536.jpg 1536w, https:\/\/depositobotafogo.com.br\/wp-content\/uploads\/2024\/05\/61512-600x600.jpg 600w, https:\/\/depositobotafogo.com.br\/wp-content\/uploads\/2024\/05\/61512-100x100.jpg 100w, https:\/\/depositobotafogo.com.br\/wp-content\/uploads\/2024\/05\/61512.jpg 2000w\" sizes=\"(max-width: 525px) 100vw, 525px\" \/><\/p>\n","protected":false},"excerpt":{"rendered":"<p>PISO EMBRAMACO Granito Plus &#8211; 61512 Formato:\u00a060,5&#215;60,5cm Piso ou Parede:\u00a0Parede, Piso Junta de assentamento:\u00a05 mm Tipologia:\u00a0Brilhante Ambientes:\u00a0\u00c1rea Comercial, Banheiro, Cozinha,&hellip;<\/p>\n","protected":false},"featured_media":673,"template":"","meta":[],"product_brand":[],"product_cat":[15,35],"product_tag":[],"class_list":{"0":"post-670","1":"product","2":"type-product","3":"status-publish","4":"has-post-thumbnail","6":"product_cat-sem-categoria","7":"product_cat-revestimentos-pisos-e-porcelanatos","9":"first","10":"instock","11":"shipping-taxable","12":"product-type-simple"},"_links":{"self":[{"href":"https:\/\/depositobotafogo.com.br\/index.php?rest_route=\/wp\/v2\/product\/670","targetHints":{"allow":["GET"]}}],"collection":[{"href":"https:\/\/depositobotafogo.com.br\/index.php?rest_route=\/wp\/v2\/product"}],"about":[{"href":"https:\/\/depositobotafogo.com.br\/index.php?rest_route=\/wp\/v2\/types\/product"}],"wp:featuredmedia":[{"embeddable":true,"href":"https:\/\/depositobotafogo.com.br\/index.php?rest_route=\/wp\/v2\/media\/673"}],"wp:attachment":[{"href":"https:\/\/depositobotafogo.com.br\/index.php?rest_route=%2Fwp%2Fv2%2Fmedia&parent=670"}],"wp:term":[{"taxonomy":"product_brand","embeddable":true,"href":"https:\/\/depositobotafogo.com.br\/index.php?rest_route=%2Fwp%2Fv2%2Fproduct_brand&post=670"},{"taxonomy":"product_cat","embeddable":true,"href":"https:\/\/depositobotafogo.com.br\/index.php?rest_route=%2Fwp%2Fv2%2Fproduct_cat&post=670"},{"taxonomy":"product_tag","embeddable":true,"href":"https:\/\/depositobotafogo.com.br\/index.php?rest_route=%2Fwp%2Fv2%2Fproduct_tag&post=670"}],"curies":[{"name":"wp","href":"https:\/\/api.w.org\/{rel}","templated":true}]}}