{"id":704,"date":"2024-06-21T12:28:19","date_gmt":"2024-06-21T15:28:19","guid":{"rendered":"https:\/\/depositobotafogo.com.br\/?post_type=product&#038;p=704"},"modified":"2024-06-21T12:32:00","modified_gmt":"2024-06-21T15:32:00","slug":"piso-rochamaxx-hd-gran-onyx-polido","status":"publish","type":"product","link":"https:\/\/depositobotafogo.com.br\/?product=piso-rochamaxx-hd-gran-onyx-polido","title":{"rendered":"PISO ROCHAFORTE ROCHAMAXX  HD GRAN ONYX POLIDO"},"content":{"rendered":"<div class=\"col-lg-5 info-produto-area\">\n<div class=\"produto-nome\">HD GRAN ONYX<\/div>\n<div><span class=\"info-produto\">MARCA:<\/span>\u00a0<span class=\"info-produto-resultado\">ROCHAMAXX<\/span><\/div>\n<div><span class=\"info-produto\">TIPOLOGIA:<\/span>\u00a0<span class=\"info-produto-resultado\">POLIDO<\/span><\/div>\n<div><span class=\"info-produto\">FORMATO:<\/span>\u00a0<span class=\"info-produto-resultado\">82 x 82 Retificado Polido<\/span><\/div>\n<div><span class=\"info-produto\">LINHA:<\/span>\u00a0<span class=\"info-produto-resultado\">PR\u00c1TICA RETIFICADO &#8211; MAIOR RESIST\u00caNCIA A MANCHA D&#8217;\u00c1GUA<\/span><\/div>\n<div><span class=\"info-produto\">LOCAIS DE USO:\u00a0<\/span><span class=\"info-produto-resultado\">LC<\/span>\u00a0<i class=\"fas fa-info-circle\"><\/i><\/div>\n<div><span class=\"info-produto\">VARIACAO DE TONALIDADE E DESENHO:<\/span>\u00a0<span class=\"info-produto-resultado\">V1<\/span>\u00a0<i class=\"fas fa-info-circle\"><\/i><\/div>\n<div><span class=\"info-produto\">FACE:<\/span>\u00a0<span class=\"info-produto-resultado\">1<\/span><\/div>\n<div><span class=\"especificao-tecnica\">m2\/CAIXA<\/span><span class=\"especificao-tecnica-resultado\">2,70 m2<\/span><\/div>\n<\/div>\n<div class=\"col-lg-3 area-especificacoes-tecnicas\">\n<div class=\"area-especificao-tecnica\"><span class=\"especificao-tecnica\">JUNTA M\u00cdNIMA<\/span><span class=\"especificao-tecnica-resultado\">&gt;= 2,0 mm<\/span><\/div>\n<div class=\"area-especificao-tecnica\"><span class=\"especificao-tecnica\">RETIFICADO<\/span><span class=\"especificao-tecnica-resultado\">SIM<\/span><\/div>\n<div class=\"area-especificao-tecnica\"><span class=\"especificao-tecnica\">PE\u00c7AS\/CAIXA<\/span><span class=\"especificao-tecnica-resultado\">4<\/span><\/div>\n<\/div>\n","protected":false},"excerpt":{"rendered":"<p>HD GRAN ONYX MARCA:\u00a0ROCHAMAXX TIPOLOGIA:\u00a0POLIDO FORMATO:\u00a082 x 82 Retificado Polido LINHA:\u00a0PR\u00c1TICA RETIFICADO &#8211; MAIOR RESIST\u00caNCIA A MANCHA D&#8217;\u00c1GUA LOCAIS DE&hellip;<\/p>\n","protected":false},"featured_media":706,"template":"","meta":[],"product_brand":[],"product_cat":[15,35],"product_tag":[],"class_list":{"0":"post-704","1":"product","2":"type-product","3":"status-publish","4":"has-post-thumbnail","6":"product_cat-sem-categoria","7":"product_cat-revestimentos-pisos-e-porcelanatos","9":"first","10":"instock","11":"shipping-taxable","12":"product-type-simple"},"_links":{"self":[{"href":"https:\/\/depositobotafogo.com.br\/index.php?rest_route=\/wp\/v2\/product\/704","targetHints":{"allow":["GET"]}}],"collection":[{"href":"https:\/\/depositobotafogo.com.br\/index.php?rest_route=\/wp\/v2\/product"}],"about":[{"href":"https:\/\/depositobotafogo.com.br\/index.php?rest_route=\/wp\/v2\/types\/product"}],"wp:featuredmedia":[{"embeddable":true,"href":"https:\/\/depositobotafogo.com.br\/index.php?rest_route=\/wp\/v2\/media\/706"}],"wp:attachment":[{"href":"https:\/\/depositobotafogo.com.br\/index.php?rest_route=%2Fwp%2Fv2%2Fmedia&parent=704"}],"wp:term":[{"taxonomy":"product_brand","embeddable":true,"href":"https:\/\/depositobotafogo.com.br\/index.php?rest_route=%2Fwp%2Fv2%2Fproduct_brand&post=704"},{"taxonomy":"product_cat","embeddable":true,"href":"https:\/\/depositobotafogo.com.br\/index.php?rest_route=%2Fwp%2Fv2%2Fproduct_cat&post=704"},{"taxonomy":"product_tag","embeddable":true,"href":"https:\/\/depositobotafogo.com.br\/index.php?rest_route=%2Fwp%2Fv2%2Fproduct_tag&post=704"}],"curies":[{"name":"wp","href":"https:\/\/api.w.org\/{rel}","templated":true}]}}