{"id":711,"date":"2024-07-08T14:23:00","date_gmt":"2024-07-08T17:23:00","guid":{"rendered":"https:\/\/depositobotafogo.com.br\/?post_type=product&#038;p=711"},"modified":"2025-04-28T14:29:40","modified_gmt":"2025-04-28T17:29:40","slug":"ducha-advanced-eletronica-lorenzetti","status":"publish","type":"product","link":"https:\/\/depositobotafogo.com.br\/?product=ducha-advanced-eletronica-lorenzetti","title":{"rendered":"Ducha Advanced Eletr\u00f4nica &#8211; Lorenzetti"},"content":{"rendered":"<div id=\"descriptionContainer\" class=\"selected-product__description-container card accordion mb-sm-5\">\n<div id=\"headingDescription\" class=\"card-header\" data-toggle=\"collapse\" data-target=\"#collapseDescription\" aria-expanded=\"true\" aria-controls=\"collapseDescription\">\n<h3 class=\"mb-0\">Descri\u00e7\u00e3o<\/h3>\n<\/div>\n<div id=\"collapseDescription\" class=\"collapse show\" aria-labelledby=\"headingDescription\" data-parent=\"#descriptionContainer\">\n<div class=\"card-body\">\n<div class=\"selected-product__description-container--content\">\n<p>A Ducha Advanced, conhecida por milh\u00f5es de brasileiros, agora em sua vers\u00e3o Eletr\u00f4nica!<\/p>\n<p>Sendo a \u00faltima palavra em conforto e praticidade na hora do banho, a Ducha Advanced Eletr\u00f4nica \u00e9 ideal para todos os dias do ano. Atrav\u00e9s de seu controle eletr\u00f4nico de temperaturas, permite a sele\u00e7\u00e3o gradual e precisa, simples como ajustar o volume do seu r\u00e1dio.<\/p>\n<p>Al\u00e9m de seu design inovador, possui um grande espalhador que proporciona excelente volume de \u00e1gua para o banho. Para completar a comodidade, a mudan\u00e7a de temperaturas est\u00e1 ao alcance das m\u00e3os, atrav\u00e9s de sua exclusiva haste prolongadora.<\/p>\n<p>A tecnologia de ponta da Ducha Advanced est\u00e1 em todos os detalhes, desde o design sem fia\u00e7\u00e3o aparente, com cano incorporado, resist\u00eancia tipo refil, que facilita sua troca.<\/p>\n<p>A ducha \u00e9 compat\u00edvel com aquecedores solares, ampliando assim a sua utiliza\u00e7\u00e3o.<\/p>\n<p>&nbsp;<\/p>\n<\/div>\n<\/div>\n<\/div>\n<\/div>\n<div id=\"detailContainer\" class=\"selected-product__detail-container card accordion mb-sm-5\">\n<div id=\"headingDetail\" class=\"card-header\" data-toggle=\"collapse\" data-target=\"#collapseDetail\" aria-expanded=\"false\" aria-controls=\"collapseDetail\">\n<h3>Detalhe<\/h3>\n<\/div>\n<div id=\"collapseDetail\" class=\"collapse show\" aria-labelledby=\"headingDetail\" data-parent=\"#detailContainer\">\n<div class=\"card-body\">\n<div class=\"selected-product__description-container--content\"><strong>Comando Eletr\u00f4nico<\/strong><br \/>\nPermite a escolha gradual da temperatura<br \/>\n<strong>Resist\u00eancia de Troca R\u00e1pida<\/strong><br \/>\nTipo refil, f\u00e1cil acesso<strong>Grande Espalhador<\/strong><br \/>\nMais conforto no seu banho<\/p>\n<p><strong>Haste de comando (uso opcional)<\/strong><br \/>\nTroca de temperatura ao alcance das m\u00e3os<\/p>\n<\/div>\n<\/div>\n<\/div>\n<\/div>\n","protected":false},"excerpt":{"rendered":"<p>Descri\u00e7\u00e3o A Ducha Advanced, conhecida por milh\u00f5es de brasileiros, agora em sua vers\u00e3o Eletr\u00f4nica! Sendo a \u00faltima palavra em conforto&hellip;<\/p>\n","protected":false},"featured_media":712,"template":"","meta":[],"product_brand":[],"product_cat":[31,24,20],"product_tag":[],"class_list":{"0":"post-711","1":"product","2":"type-product","3":"status-publish","4":"has-post-thumbnail","6":"product_cat-banheiro","7":"product_cat-chuveiros","8":"product_cat-hidraulica","10":"first","11":"instock","12":"shipping-taxable","13":"product-type-simple"},"_links":{"self":[{"href":"https:\/\/depositobotafogo.com.br\/index.php?rest_route=\/wp\/v2\/product\/711","targetHints":{"allow":["GET"]}}],"collection":[{"href":"https:\/\/depositobotafogo.com.br\/index.php?rest_route=\/wp\/v2\/product"}],"about":[{"href":"https:\/\/depositobotafogo.com.br\/index.php?rest_route=\/wp\/v2\/types\/product"}],"wp:featuredmedia":[{"embeddable":true,"href":"https:\/\/depositobotafogo.com.br\/index.php?rest_route=\/wp\/v2\/media\/712"}],"wp:attachment":[{"href":"https:\/\/depositobotafogo.com.br\/index.php?rest_route=%2Fwp%2Fv2%2Fmedia&parent=711"}],"wp:term":[{"taxonomy":"product_brand","embeddable":true,"href":"https:\/\/depositobotafogo.com.br\/index.php?rest_route=%2Fwp%2Fv2%2Fproduct_brand&post=711"},{"taxonomy":"product_cat","embeddable":true,"href":"https:\/\/depositobotafogo.com.br\/index.php?rest_route=%2Fwp%2Fv2%2Fproduct_cat&post=711"},{"taxonomy":"product_tag","embeddable":true,"href":"https:\/\/depositobotafogo.com.br\/index.php?rest_route=%2Fwp%2Fv2%2Fproduct_tag&post=711"}],"curies":[{"name":"wp","href":"https:\/\/api.w.org\/{rel}","templated":true}]}}