{"id":725,"date":"2024-07-08T15:17:55","date_gmt":"2024-07-08T18:17:55","guid":{"rendered":"https:\/\/depositobotafogo.com.br\/?post_type=product&#038;p=725"},"modified":"2025-04-28T14:29:23","modified_gmt":"2025-04-28T17:29:23","slug":"ducha-top-jet-eletronica-lorenzetti","status":"publish","type":"product","link":"https:\/\/depositobotafogo.com.br\/?product=ducha-top-jet-eletronica-lorenzetti","title":{"rendered":"Ducha Top Jet Eletr\u00f4nica- Lorenzetti"},"content":{"rendered":"<div id=\"headingDetail\" class=\"card-header\" data-toggle=\"collapse\" data-target=\"#collapseDetail\" aria-expanded=\"false\" aria-controls=\"collapseDetail\">\n<div id=\"descriptionContainer\" class=\"selected-product__description-container card accordion mb-sm-5\">\n<div id=\"headingDescription\" class=\"card-header\" data-toggle=\"collapse\" data-target=\"#collapseDescription\" aria-expanded=\"true\" aria-controls=\"collapseDescription\">\n<h3 class=\"mb-0\">Descri\u00e7\u00e3o<\/h3>\n<\/div>\n<div id=\"collapseDescription\" class=\"collapse show\" aria-labelledby=\"headingDescription\" data-parent=\"#descriptionContainer\">\n<div class=\"card-body\">\n<div class=\"selected-product__description-container--content\">\n<p>M\u00e1ximo conforto e o prazer de um banho das famosas e conhecidas duchas de parede, conta com um grande espalhador e maior \u00e1rea de banho para um jato incr\u00edvel. Ideal para todos os dias do ano, atrav\u00e9s de seu controle eletr\u00f4nico de temperaturas permite a sele\u00e7\u00e3o gradual e precisa, simples como ajustar o volume do seu r\u00e1dio. Acionamento super pr\u00e1tico atrav\u00e9s de bot\u00e3o ou exclusiva haste prolongadora de 30 cent\u00edmetros que facilita o acesso.<\/p>\n<p>Uma ducha que mistura linhas curvas e arrojadas, \u00e9 assinada pela equipe Lorenzetti de design premiada pelo Museu da Casa Brasileira em 2011.<\/p>\n<p>A Ducha Top Jet \u00e9 compat\u00edvel com aquecedores solares, aumentando sua abrang\u00eancia de utiliza\u00e7\u00e3o.<\/p>\n<\/div>\n<\/div>\n<\/div>\n<\/div>\n<div id=\"detailContainer\" class=\"selected-product__detail-container card accordion mb-sm-5\">\n<div id=\"headingDetail\" class=\"card-header\" data-toggle=\"collapse\" data-target=\"#collapseDetail\" aria-expanded=\"false\" aria-controls=\"collapseDetail\">\n<h3>Detalhe<\/h3>\n<\/div>\n<div id=\"collapseDetail\" class=\"collapse show\" aria-labelledby=\"headingDetail\" data-parent=\"#detailContainer\">\n<div class=\"card-body\">\n<div class=\"selected-product__description-container--content\">\n<p><strong>Comando Eletr\u00f4nico<\/strong><br \/>\nPermite a escolha gradual da temperatura<\/p>\n<p><strong>Resist\u00eancia de Troca R\u00e1pida<\/strong><br \/>\nTipo refil, de f\u00e1cil acesso.<\/p>\n<p><strong>Grande Espalhador<\/strong><br \/>\nMais conforto no seu banho.<\/p>\n<p><strong>Haste de comando (uso opcional)<\/strong><br \/>\nTroca da temperatura ao alcance das m\u00e3os<\/p>\n<p><strong>D.R.I.<\/strong><br \/>\nDispositivo para regulagem da Inclina\u00e7\u00e3o<\/p>\n<\/div>\n<\/div>\n<\/div>\n<\/div>\n<\/div>\n","protected":false},"excerpt":{"rendered":"<p>Descri\u00e7\u00e3o M\u00e1ximo conforto e o prazer de um banho das famosas e conhecidas duchas de parede, conta com um grande&hellip;<\/p>\n","protected":false},"featured_media":717,"template":"","meta":[],"product_brand":[],"product_cat":[31,24,20],"product_tag":[],"class_list":{"0":"post-725","1":"product","2":"type-product","3":"status-publish","4":"has-post-thumbnail","6":"product_cat-banheiro","7":"product_cat-chuveiros","8":"product_cat-hidraulica","10":"first","11":"instock","12":"shipping-taxable","13":"product-type-simple"},"_links":{"self":[{"href":"https:\/\/depositobotafogo.com.br\/index.php?rest_route=\/wp\/v2\/product\/725","targetHints":{"allow":["GET"]}}],"collection":[{"href":"https:\/\/depositobotafogo.com.br\/index.php?rest_route=\/wp\/v2\/product"}],"about":[{"href":"https:\/\/depositobotafogo.com.br\/index.php?rest_route=\/wp\/v2\/types\/product"}],"wp:featuredmedia":[{"embeddable":true,"href":"https:\/\/depositobotafogo.com.br\/index.php?rest_route=\/wp\/v2\/media\/717"}],"wp:attachment":[{"href":"https:\/\/depositobotafogo.com.br\/index.php?rest_route=%2Fwp%2Fv2%2Fmedia&parent=725"}],"wp:term":[{"taxonomy":"product_brand","embeddable":true,"href":"https:\/\/depositobotafogo.com.br\/index.php?rest_route=%2Fwp%2Fv2%2Fproduct_brand&post=725"},{"taxonomy":"product_cat","embeddable":true,"href":"https:\/\/depositobotafogo.com.br\/index.php?rest_route=%2Fwp%2Fv2%2Fproduct_cat&post=725"},{"taxonomy":"product_tag","embeddable":true,"href":"https:\/\/depositobotafogo.com.br\/index.php?rest_route=%2Fwp%2Fv2%2Fproduct_tag&post=725"}],"curies":[{"name":"wp","href":"https:\/\/api.w.org\/{rel}","templated":true}]}}