{"id":736,"date":"2024-07-08T16:28:01","date_gmt":"2024-07-08T19:28:01","guid":{"rendered":"https:\/\/depositobotafogo.com.br\/?post_type=product&#038;p=736"},"modified":"2025-04-28T14:27:30","modified_gmt":"2025-04-28T17:27:30","slug":"ducha-acqua-storm-ultra-lorenzetti","status":"publish","type":"product","link":"https:\/\/depositobotafogo.com.br\/?product=ducha-acqua-storm-ultra-lorenzetti","title":{"rendered":"Ducha Acqua Storm Ultra &#8211; Lorenzetti"},"content":{"rendered":"<div id=\"descriptionContainer\" class=\"selected-product__description-container card accordion mb-sm-5\">\n<div id=\"headingDescription\" class=\"card-header\" data-toggle=\"collapse\" data-target=\"#collapseDescription\" aria-expanded=\"true\" aria-controls=\"collapseDescription\">\n<h3 class=\"mb-0\">Descri\u00e7\u00e3o<\/h3>\n<\/div>\n<div id=\"collapseDescription\" class=\"collapse show\" aria-labelledby=\"headingDescription\" data-parent=\"#descriptionContainer\">\n<div class=\"card-body\">\n<div class=\"selected-product__description-container--content\">\n<p class=\"p1\">\n<p>Acompanhando as tend\u00eancias mundiais de arquitetura e design, a linha Acqua Ultra apresenta acabamento moderno e inovador com linhas quadradas, design compacto, ultrafino, \u201cSimilar ao design de duchas Frias\u201d.<\/p>\n<p>A Linha Acqua Ultra conta com a exclusiva Resist\u00eancia Loren Ultra, a primeira resist\u00eancia plana do mercado. Trata-se de um desenvolvimento com mais de cinco anos de estudos, que garante alta performance e longa dura\u00e7\u00e3o.<\/p>\n<p>O chuveiro\u00a0<strong>Acqua Storm Ultra<\/strong>\u00a0traz um banho diferenciado e inesquec\u00edvel.<\/p>\n<p><img decoding=\"async\" src=\"https:\/\/www.lorenzetti.com.br\/images\/default-source\/products\/acqua-wave\/iconeacquaultra1.png\" alt=\"\" \/><img decoding=\"async\" src=\"https:\/\/www.lorenzetti.com.br\/images\/default-source\/products\/relax\/iconeacquaultra2.png\" alt=\"\" \/><\/p>\n<\/div>\n<\/div>\n<\/div>\n<\/div>\n<div id=\"detailContainer\" class=\"selected-product__detail-container card accordion mb-sm-5\">\n<div id=\"headingDetail\" class=\"card-header\" data-toggle=\"collapse\" data-target=\"#collapseDetail\" aria-expanded=\"false\" aria-controls=\"collapseDetail\">\n<h3>Detalhe<\/h3>\n<\/div>\n<div id=\"collapseDetail\" class=\"collapse show\" aria-labelledby=\"headingDetail\" data-parent=\"#detailContainer\">\n<div class=\"card-body\">\n<div class=\"selected-product__description-container--content\">\n<p class=\"p1\"><span class=\"s1\"><strong>Tecnologia Press Plus<\/strong>\u00a0&#8211; Jatos de alta performance mesmo com baixa press\u00e3o.<\/span><\/p>\n<p><strong>Exclusiva resist\u00eancia Loren Ultra\u00a0<\/strong>&#8211; Longa dura\u00e7\u00e3o em compara\u00e7\u00e3o as resist\u00eancias comuns.<\/p>\n<p><strong>Resist\u00eancia de troca r\u00e1pida Loren Ultra:<\/strong>\u00a0Exclusivo cartucho que garante uma troca r\u00e1pida e segura.<\/p>\n<p><strong>Comando eletr\u00f4nico<\/strong>\u00a0&#8211; Permite a escolha gradual e precisa da temperatura.<\/p>\n<p><strong>Haste de controle de temperaturas<\/strong>\u00a0&#8211; Controle de temperaturas ao alcance das m\u00e3os (uso opcional).<\/p>\n<p><strong>D.R.I.<\/strong>\u00a0&#8211; Dispositivo de Regulagem de Inclina\u00e7\u00e3o.<\/p>\n<p>Ducha manual com design exclusivo.<\/p>\n<p>Compat\u00edvel com\u00a0aquecimento solar e outros sistemas de aquecimento.<\/p>\n<\/div>\n<\/div>\n<\/div>\n<\/div>\n","protected":false},"excerpt":{"rendered":"<p>Descri\u00e7\u00e3o Acompanhando as tend\u00eancias mundiais de arquitetura e design, a linha Acqua Ultra apresenta acabamento moderno e inovador com linhas&hellip;<\/p>\n","protected":false},"featured_media":737,"template":"","meta":[],"product_brand":[],"product_cat":[31,24,20],"product_tag":[],"class_list":{"0":"post-736","1":"product","2":"type-product","3":"status-publish","4":"has-post-thumbnail","6":"product_cat-banheiro","7":"product_cat-chuveiros","8":"product_cat-hidraulica","10":"first","11":"instock","12":"shipping-taxable","13":"product-type-simple"},"_links":{"self":[{"href":"https:\/\/depositobotafogo.com.br\/index.php?rest_route=\/wp\/v2\/product\/736","targetHints":{"allow":["GET"]}}],"collection":[{"href":"https:\/\/depositobotafogo.com.br\/index.php?rest_route=\/wp\/v2\/product"}],"about":[{"href":"https:\/\/depositobotafogo.com.br\/index.php?rest_route=\/wp\/v2\/types\/product"}],"wp:featuredmedia":[{"embeddable":true,"href":"https:\/\/depositobotafogo.com.br\/index.php?rest_route=\/wp\/v2\/media\/737"}],"wp:attachment":[{"href":"https:\/\/depositobotafogo.com.br\/index.php?rest_route=%2Fwp%2Fv2%2Fmedia&parent=736"}],"wp:term":[{"taxonomy":"product_brand","embeddable":true,"href":"https:\/\/depositobotafogo.com.br\/index.php?rest_route=%2Fwp%2Fv2%2Fproduct_brand&post=736"},{"taxonomy":"product_cat","embeddable":true,"href":"https:\/\/depositobotafogo.com.br\/index.php?rest_route=%2Fwp%2Fv2%2Fproduct_cat&post=736"},{"taxonomy":"product_tag","embeddable":true,"href":"https:\/\/depositobotafogo.com.br\/index.php?rest_route=%2Fwp%2Fv2%2Fproduct_tag&post=736"}],"curies":[{"name":"wp","href":"https:\/\/api.w.org\/{rel}","templated":true}]}}