{"id":738,"date":"2024-07-08T16:40:00","date_gmt":"2024-07-08T19:40:00","guid":{"rendered":"https:\/\/depositobotafogo.com.br\/?post_type=product&#038;p=738"},"modified":"2025-04-28T14:27:22","modified_gmt":"2025-04-28T17:27:22","slug":"ducha-duo-shower-eletronica-lorenzetti","status":"publish","type":"product","link":"https:\/\/depositobotafogo.com.br\/?product=ducha-duo-shower-eletronica-lorenzetti","title":{"rendered":"Ducha Duo Shower Eletr\u00f4nica &#8211; Lorenzetti"},"content":{"rendered":"<div id=\"descriptionContainer\" class=\"selected-product__description-container card accordion mb-sm-5\">\n<div id=\"headingDescription\" class=\"card-header\" data-toggle=\"collapse\" data-target=\"#collapseDescription\" aria-expanded=\"true\" aria-controls=\"collapseDescription\">\n<h3 class=\"mb-0\">Descri\u00e7\u00e3o<\/h3>\n<\/div>\n<div id=\"collapseDescription\" class=\"collapse show\" aria-labelledby=\"headingDescription\" data-parent=\"#descriptionContainer\">\n<div class=\"card-body\">\n<div class=\"selected-product__description-container--content\">\n<p><span id=\"MainContent_caracteristicas_tecnicas2\">Ducha e chuveiro em um s\u00f3 produto.<\/p>\n<p>Uma op\u00e7\u00e3o exclusiva, inteligente e eficaz.<\/p>\n<p><strong>Um banho de design e tecnologia.\u00a0<\/strong>Mistura de linhas flu\u00eddas com espalhador ultra-fino e de alta tecnologia fazem da Duo Shower um banho \u00fanico e inesquec\u00edvel.<\/p>\n<p><strong>Chuveiro<\/strong>\u00a0com &#8220;grande espalhador&#8221;, que significa \u00e1gua para todo o corpo, ou a\u00a0<strong>ducha<\/strong>\u00a0com o jato concentrado, direcion\u00e1vel e mais forte, para aquele banho relaxante.<\/p>\n<p>N\u00e3o deixe de experimentar esta nova sensa\u00e7\u00e3o no banho.<\/span><\/p>\n<\/div>\n<\/div>\n<\/div>\n<\/div>\n<div id=\"detailContainer\" class=\"selected-product__detail-container card accordion mb-sm-5\">\n<div id=\"headingDetail\" class=\"card-header\" data-toggle=\"collapse\" data-target=\"#collapseDetail\" aria-expanded=\"false\" aria-controls=\"collapseDetail\">\n<h3>Detalhe<\/h3>\n<\/div>\n<div id=\"collapseDetail\" class=\"collapse show\" aria-labelledby=\"headingDetail\" data-parent=\"#detailContainer\">\n<div class=\"card-body\">\n<div class=\"selected-product__description-container--content\">\n<p><strong>Comando Eletr\u00f4nico<\/strong><br \/>\nPermite a escolha gradual da temperatura.<\/p>\n<p><strong>Haste de comando (uso opcional)<\/strong><br \/>\nTroca de temperatura ao alcance das m\u00e3os<\/p>\n<p><strong>DRI<\/strong><br \/>\nDispositivo para regulagem da inclina\u00e7\u00e3o<\/p>\n<\/div>\n<\/div>\n<\/div>\n<\/div>\n","protected":false},"excerpt":{"rendered":"<p>Descri\u00e7\u00e3o Ducha e chuveiro em um s\u00f3 produto. Uma op\u00e7\u00e3o exclusiva, inteligente e eficaz. Um banho de design e tecnologia.\u00a0Mistura&hellip;<\/p>\n","protected":false},"featured_media":739,"template":"","meta":[],"product_brand":[],"product_cat":[31,24,20],"product_tag":[],"class_list":{"0":"post-738","1":"product","2":"type-product","3":"status-publish","4":"has-post-thumbnail","6":"product_cat-banheiro","7":"product_cat-chuveiros","8":"product_cat-hidraulica","10":"first","11":"instock","12":"shipping-taxable","13":"product-type-simple"},"_links":{"self":[{"href":"https:\/\/depositobotafogo.com.br\/index.php?rest_route=\/wp\/v2\/product\/738","targetHints":{"allow":["GET"]}}],"collection":[{"href":"https:\/\/depositobotafogo.com.br\/index.php?rest_route=\/wp\/v2\/product"}],"about":[{"href":"https:\/\/depositobotafogo.com.br\/index.php?rest_route=\/wp\/v2\/types\/product"}],"wp:featuredmedia":[{"embeddable":true,"href":"https:\/\/depositobotafogo.com.br\/index.php?rest_route=\/wp\/v2\/media\/739"}],"wp:attachment":[{"href":"https:\/\/depositobotafogo.com.br\/index.php?rest_route=%2Fwp%2Fv2%2Fmedia&parent=738"}],"wp:term":[{"taxonomy":"product_brand","embeddable":true,"href":"https:\/\/depositobotafogo.com.br\/index.php?rest_route=%2Fwp%2Fv2%2Fproduct_brand&post=738"},{"taxonomy":"product_cat","embeddable":true,"href":"https:\/\/depositobotafogo.com.br\/index.php?rest_route=%2Fwp%2Fv2%2Fproduct_cat&post=738"},{"taxonomy":"product_tag","embeddable":true,"href":"https:\/\/depositobotafogo.com.br\/index.php?rest_route=%2Fwp%2Fv2%2Fproduct_tag&post=738"}],"curies":[{"name":"wp","href":"https:\/\/api.w.org\/{rel}","templated":true}]}}