{"id":743,"date":"2024-08-01T17:28:02","date_gmt":"2024-08-01T20:28:02","guid":{"rendered":"https:\/\/depositobotafogo.com.br\/?post_type=product&#038;p=743"},"modified":"2024-08-09T14:14:23","modified_gmt":"2024-08-09T17:14:23","slug":"revestimento-malaga-po-rt","status":"publish","type":"product","link":"https:\/\/depositobotafogo.com.br\/?product=revestimento-malaga-po-rt","title":{"rendered":"PISO FIORANNO MALAGA PO RT"},"content":{"rendered":"<p><button><span class=\"\">74&#215;74 cm RT<\/span><\/button><button><span class=\"\">Polido<\/span><\/button><button><span class=\"\">Ch\u00e3o e Parede<\/span><\/button><button><span class=\"notranslate\">Retificado<\/span><\/button><button><span class=\"\">2 mm<\/span><\/button><\/p>\n<p>&nbsp;<\/p>\n<h3>Produto<\/h3>\n<table>\n<tbody>\n<tr>\n<th>Estilo<\/th>\n<th><strong>M\u00e1rmore<\/strong><\/th>\n<\/tr>\n<tr>\n<th>Maior resist\u00eancia a marca d&#8217;\u00e1gua<\/th>\n<th><strong>Sim<\/strong><\/th>\n<\/tr>\n<tr>\n<th>Relevo<\/th>\n<th><strong>N\u00e3o<\/strong><\/th>\n<\/tr>\n<tr>\n<th>Varia\u00e7\u00e3o de tonalidade<\/th>\n<th><strong>V4<\/strong><\/th>\n<\/tr>\n<tr>\n<th>Quantidade de faces<\/th>\n<th><strong>6<\/strong><\/th>\n<\/tr>\n<tr>\n<th>Sentido de assentamento<\/th>\n<th><strong>Sim<\/strong><\/th>\n<\/tr>\n<tr>\n<th>Espessura da pe\u00e7a<\/th>\n<th><strong>8,5 mm<\/strong><\/th>\n<\/tr>\n<tr>\n<th>Impress\u00e3o<\/th>\n<th><strong>Alta defini\u00e7\u00e3o<\/strong><\/th>\n<\/tr>\n<\/tbody>\n<\/table>\n<p>&nbsp;<\/p>\n","protected":false},"excerpt":{"rendered":"<p>74&#215;74 cm RTPolidoCh\u00e3o e ParedeRetificado2 mm &nbsp; Produto Estilo M\u00e1rmore Maior resist\u00eancia a marca d&#8217;\u00e1gua Sim Relevo N\u00e3o Varia\u00e7\u00e3o de&hellip;<\/p>\n","protected":false},"featured_media":744,"template":"","meta":[],"product_brand":[],"product_cat":[15,35],"product_tag":[],"class_list":{"0":"post-743","1":"product","2":"type-product","3":"status-publish","4":"has-post-thumbnail","6":"product_cat-sem-categoria","7":"product_cat-revestimentos-pisos-e-porcelanatos","9":"first","10":"instock","11":"shipping-taxable","12":"product-type-simple"},"_links":{"self":[{"href":"https:\/\/depositobotafogo.com.br\/index.php?rest_route=\/wp\/v2\/product\/743","targetHints":{"allow":["GET"]}}],"collection":[{"href":"https:\/\/depositobotafogo.com.br\/index.php?rest_route=\/wp\/v2\/product"}],"about":[{"href":"https:\/\/depositobotafogo.com.br\/index.php?rest_route=\/wp\/v2\/types\/product"}],"wp:featuredmedia":[{"embeddable":true,"href":"https:\/\/depositobotafogo.com.br\/index.php?rest_route=\/wp\/v2\/media\/744"}],"wp:attachment":[{"href":"https:\/\/depositobotafogo.com.br\/index.php?rest_route=%2Fwp%2Fv2%2Fmedia&parent=743"}],"wp:term":[{"taxonomy":"product_brand","embeddable":true,"href":"https:\/\/depositobotafogo.com.br\/index.php?rest_route=%2Fwp%2Fv2%2Fproduct_brand&post=743"},{"taxonomy":"product_cat","embeddable":true,"href":"https:\/\/depositobotafogo.com.br\/index.php?rest_route=%2Fwp%2Fv2%2Fproduct_cat&post=743"},{"taxonomy":"product_tag","embeddable":true,"href":"https:\/\/depositobotafogo.com.br\/index.php?rest_route=%2Fwp%2Fv2%2Fproduct_tag&post=743"}],"curies":[{"name":"wp","href":"https:\/\/api.w.org\/{rel}","templated":true}]}}