{"id":789,"date":"2024-08-03T08:13:51","date_gmt":"2024-08-03T11:13:51","guid":{"rendered":"https:\/\/depositobotafogo.com.br\/?post_type=product&#038;p=789"},"modified":"2024-08-03T08:13:51","modified_gmt":"2024-08-03T11:13:51","slug":"churrasqueira-botijao-grande-com-pe","status":"publish","type":"product","link":"https:\/\/depositobotafogo.com.br\/?product=churrasqueira-botijao-grande-com-pe","title":{"rendered":"CHURRASQUEIRA BOTIJ\u00c3O GRANDE COM P\u00c9"},"content":{"rendered":"<p>CHURRASQUEIRA BOTIJ\u00c3O GRANDE COM P\u00c9<\/p>\n","protected":false},"excerpt":{"rendered":"<p>CHURRASQUEIRA BOTIJ\u00c3O GRANDE COM P\u00c9<\/p>\n","protected":false},"featured_media":769,"template":"","meta":[],"product_brand":[],"product_cat":[15,36],"product_tag":[],"class_list":{"0":"post-789","1":"product","2":"type-product","3":"status-publish","4":"has-post-thumbnail","6":"product_cat-sem-categoria","7":"product_cat-churrasqueiras","9":"first","10":"instock","11":"shipping-taxable","12":"product-type-simple"},"_links":{"self":[{"href":"https:\/\/depositobotafogo.com.br\/index.php?rest_route=\/wp\/v2\/product\/789","targetHints":{"allow":["GET"]}}],"collection":[{"href":"https:\/\/depositobotafogo.com.br\/index.php?rest_route=\/wp\/v2\/product"}],"about":[{"href":"https:\/\/depositobotafogo.com.br\/index.php?rest_route=\/wp\/v2\/types\/product"}],"wp:featuredmedia":[{"embeddable":true,"href":"https:\/\/depositobotafogo.com.br\/index.php?rest_route=\/wp\/v2\/media\/769"}],"wp:attachment":[{"href":"https:\/\/depositobotafogo.com.br\/index.php?rest_route=%2Fwp%2Fv2%2Fmedia&parent=789"}],"wp:term":[{"taxonomy":"product_brand","embeddable":true,"href":"https:\/\/depositobotafogo.com.br\/index.php?rest_route=%2Fwp%2Fv2%2Fproduct_brand&post=789"},{"taxonomy":"product_cat","embeddable":true,"href":"https:\/\/depositobotafogo.com.br\/index.php?rest_route=%2Fwp%2Fv2%2Fproduct_cat&post=789"},{"taxonomy":"product_tag","embeddable":true,"href":"https:\/\/depositobotafogo.com.br\/index.php?rest_route=%2Fwp%2Fv2%2Fproduct_tag&post=789"}],"curies":[{"name":"wp","href":"https:\/\/api.w.org\/{rel}","templated":true}]}}