{"id":824,"date":"2024-09-13T12:27:54","date_gmt":"2024-09-13T15:27:54","guid":{"rendered":"https:\/\/depositobotafogo.com.br\/?post_type=product&#038;p=824"},"modified":"2024-09-13T12:27:54","modified_gmt":"2024-09-13T15:27:54","slug":"tinta-suvinil-rende-cobre-muito","status":"publish","type":"product","link":"https:\/\/depositobotafogo.com.br\/?product=tinta-suvinil-rende-cobre-muito","title":{"rendered":"Tinta Suvinil Rende &amp; Cobre Muito"},"content":{"rendered":"<h2 class=\"styled__Title-sc-1inf5za-1 fFcEtK\">Informa\u00e7\u00f5es do produto<\/h2>\n<div class=\"swiper-container swiper-container-initialized swiper-container-horizontal\">\n<div class=\"swiper-wrapper\">\n<div class=\"styled__Card-sc-1inf5za-2 brqEWO swiper-slide swiper-slide-active\">\n<h3 class=\"styled__CardTitle-sc-1inf5za-3 fZZJGw\">Benef\u00edcios<\/h3>\n<ul class=\"styled__CardList-sc-1inf5za-4 gSEivQ\">\n<li class=\"styled__AttributeItem-sc-1inf5za-5 dmTjIy\">\n<p class=\"styled__AttributeItemDescription-sc-1inf5za-7 hGazKV\">Baixo respingamento<\/p>\n<\/li>\n<li class=\"styled__AttributeItem-sc-1inf5za-5 dmTjIy\">\n<p class=\"styled__AttributeItemDescription-sc-1inf5za-7 hGazKV\">Lav\u00e1vel<\/p>\n<\/li>\n<li class=\"styled__AttributeItem-sc-1inf5za-5 dmTjIy\">\n<p class=\"styled__AttributeItemDescription-sc-1inf5za-7 hGazKV\">Sem cheiro<\/p>\n<\/li>\n<\/ul>\n<\/div>\n<div class=\"styled__Card-sc-1inf5za-2 brqEWO swiper-slide swiper-slide-next\">\n<h3 class=\"styled__CardTitle-sc-1inf5za-3 fZZJGw\">Indicado para<\/h3>\n<ul>\n<li class=\"styled__AttributeItem-sc-1inf5za-5 dmTjIy\">\n<div>\n<p class=\"styled__AttributeItemTitle-sc-1inf5za-6 ZFViq\">Paredes<\/p>\n<p class=\"styled__AttributeItemDescription-sc-1inf5za-7 hGazKV\">Paredes, tetos, gesso<\/p>\n<\/div>\n<\/li>\n<li class=\"styled__AttributeItem-sc-1inf5za-5 dmTjIy\">\n<div>\n<p class=\"styled__AttributeItemTitle-sc-1inf5za-6 ZFViq\">Interno<\/p>\n<p class=\"styled__AttributeItemDescription-sc-1inf5za-7 hGazKV\">Quarto, sala de estar, sala de jantar, escrit\u00f3rio, corredores<\/p>\n<\/div>\n<\/li>\n<li class=\"styled__AttributeItem-sc-1inf5za-5 dmTjIy\">\n<div>\n<p class=\"styled__AttributeItemTitle-sc-1inf5za-6 ZFViq\">Externo<\/p>\n<p class=\"styled__AttributeItemDescription-sc-1inf5za-7 hGazKV\">Fachadas, quintal, churrasqueira, varanda<\/p>\n<\/div>\n<\/li>\n<\/ul>\n<\/div>\n<\/div>\n<\/div>\n","protected":false},"excerpt":{"rendered":"<p>Informa\u00e7\u00f5es do produto Benef\u00edcios Baixo respingamento Lav\u00e1vel Sem cheiro Indicado para Paredes Paredes, tetos, gesso Interno Quarto, sala de estar,&hellip;<\/p>\n","protected":false},"featured_media":825,"template":"","meta":[],"product_brand":[],"product_cat":[15,37,34],"product_tag":[],"class_list":{"0":"post-824","1":"product","2":"type-product","3":"status-publish","4":"has-post-thumbnail","6":"product_cat-sem-categoria","7":"product_cat-acabamentos","8":"product_cat-pintura","10":"first","11":"instock","12":"shipping-taxable","13":"product-type-simple"},"_links":{"self":[{"href":"https:\/\/depositobotafogo.com.br\/index.php?rest_route=\/wp\/v2\/product\/824","targetHints":{"allow":["GET"]}}],"collection":[{"href":"https:\/\/depositobotafogo.com.br\/index.php?rest_route=\/wp\/v2\/product"}],"about":[{"href":"https:\/\/depositobotafogo.com.br\/index.php?rest_route=\/wp\/v2\/types\/product"}],"wp:featuredmedia":[{"embeddable":true,"href":"https:\/\/depositobotafogo.com.br\/index.php?rest_route=\/wp\/v2\/media\/825"}],"wp:attachment":[{"href":"https:\/\/depositobotafogo.com.br\/index.php?rest_route=%2Fwp%2Fv2%2Fmedia&parent=824"}],"wp:term":[{"taxonomy":"product_brand","embeddable":true,"href":"https:\/\/depositobotafogo.com.br\/index.php?rest_route=%2Fwp%2Fv2%2Fproduct_brand&post=824"},{"taxonomy":"product_cat","embeddable":true,"href":"https:\/\/depositobotafogo.com.br\/index.php?rest_route=%2Fwp%2Fv2%2Fproduct_cat&post=824"},{"taxonomy":"product_tag","embeddable":true,"href":"https:\/\/depositobotafogo.com.br\/index.php?rest_route=%2Fwp%2Fv2%2Fproduct_tag&post=824"}],"curies":[{"name":"wp","href":"https:\/\/api.w.org\/{rel}","templated":true}]}}