{"id":832,"date":"2024-10-29T12:47:55","date_gmt":"2024-10-29T15:47:55","guid":{"rendered":"https:\/\/depositobotafogo.com.br\/?post_type=product&#038;p=832"},"modified":"2025-07-24T07:46:49","modified_gmt":"2025-07-24T10:46:49","slug":"piso-rocha-forte-70x70-r70363","status":"publish","type":"product","link":"https:\/\/depositobotafogo.com.br\/?product=piso-rocha-forte-70x70-r70363","title":{"rendered":"PISO ROCHA FORTE 70X70 R70363"},"content":{"rendered":"<div class=\"produto-nome\">R70363<\/div>\n<div><span class=\"info-produto\">MARCA:<\/span>\u00a0<span class=\"info-produto-resultado\">VICTORIA<\/span><\/div>\n<div><span class=\"info-produto\">TIPOLOGIA:<\/span>\u00a0<span class=\"info-produto-resultado\">GRANILHA<\/span><\/div>\n<div><span class=\"info-produto\">FORMATO:<\/span>\u00a0<span class=\"info-produto-resultado\">70 x 70 &#8211; ROCHAPRIME RET<\/span><\/div>\n<div><span class=\"info-produto\">LINHA:<\/span>\u00a0<span class=\"info-produto-resultado\">HD &#8211; ALTA DEFINI\u00c7\u00c3O<\/span><\/div>\n<div><span class=\"info-produto\">PEI:\u00a0<\/span><span class=\"info-produto-resultado\">5<\/span><\/div>\n<div><span class=\"info-produto\">FACES:\u00a0<\/span><span class=\"info-produto-resultado\">3<\/span><\/div>\n<div><span class=\"info-produto-resultado\">BIIb &#8211;\u00a0<\/span><span class=\"info-produto\">ABSOR\u00c7\u00c3O DE \u00c1GUA:\u00a0<\/span><span class=\"info-produto-resultado\">DE 6% A 10%<\/span><\/div>\n<div><\/div>\n<div><span class=\"especificao-tecnica\">m2\/CAIXA<\/span><span class=\"especificao-tecnica-resultado\">3,43 m2<\/span><\/div>\n","protected":false},"excerpt":{"rendered":"<p>R70363 MARCA:\u00a0VICTORIA TIPOLOGIA:\u00a0GRANILHA FORMATO:\u00a070 x 70 &#8211; ROCHAPRIME RET LINHA:\u00a0HD &#8211; ALTA DEFINI\u00c7\u00c3O PEI:\u00a05 FACES:\u00a03 BIIb &#8211;\u00a0ABSOR\u00c7\u00c3O DE \u00c1GUA:\u00a0DE 6%&hellip;<\/p>\n","protected":false},"featured_media":833,"template":"","meta":[],"product_brand":[],"product_cat":[15,35],"product_tag":[44,43,48,47,45,46],"class_list":{"0":"post-832","1":"product","2":"type-product","3":"status-publish","4":"has-post-thumbnail","6":"product_cat-sem-categoria","7":"product_cat-revestimentos-pisos-e-porcelanatos","8":"product_tag-ceramica","9":"product_tag-piso","10":"product_tag-piso-antiderrapante","11":"product_tag-piso-para-area-externa","12":"product_tag-piso-rocha-forte","13":"product_tag-revestimento","15":"first","16":"instock","17":"shipping-taxable","18":"product-type-simple"},"_links":{"self":[{"href":"https:\/\/depositobotafogo.com.br\/index.php?rest_route=\/wp\/v2\/product\/832","targetHints":{"allow":["GET"]}}],"collection":[{"href":"https:\/\/depositobotafogo.com.br\/index.php?rest_route=\/wp\/v2\/product"}],"about":[{"href":"https:\/\/depositobotafogo.com.br\/index.php?rest_route=\/wp\/v2\/types\/product"}],"wp:featuredmedia":[{"embeddable":true,"href":"https:\/\/depositobotafogo.com.br\/index.php?rest_route=\/wp\/v2\/media\/833"}],"wp:attachment":[{"href":"https:\/\/depositobotafogo.com.br\/index.php?rest_route=%2Fwp%2Fv2%2Fmedia&parent=832"}],"wp:term":[{"taxonomy":"product_brand","embeddable":true,"href":"https:\/\/depositobotafogo.com.br\/index.php?rest_route=%2Fwp%2Fv2%2Fproduct_brand&post=832"},{"taxonomy":"product_cat","embeddable":true,"href":"https:\/\/depositobotafogo.com.br\/index.php?rest_route=%2Fwp%2Fv2%2Fproduct_cat&post=832"},{"taxonomy":"product_tag","embeddable":true,"href":"https:\/\/depositobotafogo.com.br\/index.php?rest_route=%2Fwp%2Fv2%2Fproduct_tag&post=832"}],"curies":[{"name":"wp","href":"https:\/\/api.w.org\/{rel}","templated":true}]}}