{"id":839,"date":"2025-03-28T11:16:10","date_gmt":"2025-03-28T14:16:10","guid":{"rendered":"https:\/\/depositobotafogo.com.br\/?post_type=product&#038;p=839"},"modified":"2025-03-28T11:16:10","modified_gmt":"2025-03-28T14:16:10","slug":"grelha-argentina","status":"publish","type":"product","link":"https:\/\/depositobotafogo.com.br\/?product=grelha-argentina","title":{"rendered":"GRELHA ARGENTINA"},"content":{"rendered":"<p>A grelha argentina foi projetada de forma \u00fanica para a prepara\u00e7\u00e3o de carnes suculentas. Com a\u00e7o inoxid\u00e1vel, resistente e cabo em alum\u00ednio, este produto \u00e9 capaz de suportar calor intenso gerado pela churrasqueira.<\/p>\n<p>Seu diferencial est\u00e1 na facilidade de limpeza e manuseio da grelha que pode ser removida do quadro.<\/p>\n","protected":false},"excerpt":{"rendered":"<p>A grelha argentina foi projetada de forma \u00fanica para a prepara\u00e7\u00e3o de carnes suculentas. Com a\u00e7o inoxid\u00e1vel, resistente e cabo&hellip;<\/p>\n","protected":false},"featured_media":842,"template":"","meta":[],"product_brand":[],"product_cat":[36],"product_tag":[40,39,38],"class_list":{"0":"post-839","1":"product","2":"type-product","3":"status-publish","4":"has-post-thumbnail","6":"product_cat-churrasqueiras","7":"product_tag-grelha","8":"product_tag-grelha-churrasqueira","9":"product_tag-grelha-para-churrasco","11":"first","12":"instock","13":"shipping-taxable","14":"product-type-simple"},"_links":{"self":[{"href":"https:\/\/depositobotafogo.com.br\/index.php?rest_route=\/wp\/v2\/product\/839","targetHints":{"allow":["GET"]}}],"collection":[{"href":"https:\/\/depositobotafogo.com.br\/index.php?rest_route=\/wp\/v2\/product"}],"about":[{"href":"https:\/\/depositobotafogo.com.br\/index.php?rest_route=\/wp\/v2\/types\/product"}],"wp:featuredmedia":[{"embeddable":true,"href":"https:\/\/depositobotafogo.com.br\/index.php?rest_route=\/wp\/v2\/media\/842"}],"wp:attachment":[{"href":"https:\/\/depositobotafogo.com.br\/index.php?rest_route=%2Fwp%2Fv2%2Fmedia&parent=839"}],"wp:term":[{"taxonomy":"product_brand","embeddable":true,"href":"https:\/\/depositobotafogo.com.br\/index.php?rest_route=%2Fwp%2Fv2%2Fproduct_brand&post=839"},{"taxonomy":"product_cat","embeddable":true,"href":"https:\/\/depositobotafogo.com.br\/index.php?rest_route=%2Fwp%2Fv2%2Fproduct_cat&post=839"},{"taxonomy":"product_tag","embeddable":true,"href":"https:\/\/depositobotafogo.com.br\/index.php?rest_route=%2Fwp%2Fv2%2Fproduct_tag&post=839"}],"curies":[{"name":"wp","href":"https:\/\/api.w.org\/{rel}","templated":true}]}}