{"id":86,"date":"2024-02-26T15:29:21","date_gmt":"2024-02-26T18:29:21","guid":{"rendered":"https:\/\/depositobotafogo.com.br\/?product=caixa-dagua-fortlev"},"modified":"2024-04-16T14:19:27","modified_gmt":"2024-04-16T17:19:27","slug":"caixa-dagua-fortlev","status":"publish","type":"product","link":"https:\/\/depositobotafogo.com.br\/?product=caixa-dagua-fortlev","title":{"rendered":"CAIXA D&#8217;AGUA FORTLEV"},"content":{"rendered":"<p>V\u00c1RIOS TAMANHOS<\/p>\n<p>310LT<\/p>\n<p>500LT<\/p>\n<p>1.000LT<\/p>\n<p>1.500LT<\/p>\n<p>2.000LT<\/p>\n<p>Muito mais pr\u00e1ticas e dur\u00e1veis, as Caixas d\u00b4\u00e1gua de polietileno Fortlev possuem superf\u00edcies internas lisas que facilitam a limpeza. Possui sistema exclusivo de encaixe das tampas, que garante mais veda\u00e7\u00e3o e conserva\u00e7\u00e3o da \u00e1gua. Resist\u00eancia, flexibilidade, seguran\u00e7a, praticidade, sustentabilidade e tecnologia resume o reservat\u00f3rio. Um produto que \u00e9 mais forte porque \u00e9 feito sem emendas e com mat\u00e9ria-prima 100% virgem. Suporta varia\u00e7\u00f5es clim\u00e1ticas e respeita todas as normas de fabrica\u00e7\u00e3o exigidas pelo mercado.<\/p>\n","protected":false},"excerpt":{"rendered":"<p>V\u00c1RIOS TAMANHOS 310LT 500LT 1.000LT 1.500LT 2.000LT Muito mais pr\u00e1ticas e dur\u00e1veis, as Caixas d\u00b4\u00e1gua de polietileno Fortlev possuem superf\u00edcies&hellip;<\/p>\n","protected":false},"featured_media":85,"template":"","meta":[],"product_brand":[],"product_cat":[20],"product_tag":[],"class_list":{"0":"post-86","1":"product","2":"type-product","3":"status-publish","4":"has-post-thumbnail","6":"product_cat-hidraulica","8":"first","9":"instock","10":"shipping-taxable","11":"product-type-simple"},"_links":{"self":[{"href":"https:\/\/depositobotafogo.com.br\/index.php?rest_route=\/wp\/v2\/product\/86","targetHints":{"allow":["GET"]}}],"collection":[{"href":"https:\/\/depositobotafogo.com.br\/index.php?rest_route=\/wp\/v2\/product"}],"about":[{"href":"https:\/\/depositobotafogo.com.br\/index.php?rest_route=\/wp\/v2\/types\/product"}],"wp:featuredmedia":[{"embeddable":true,"href":"https:\/\/depositobotafogo.com.br\/index.php?rest_route=\/wp\/v2\/media\/85"}],"wp:attachment":[{"href":"https:\/\/depositobotafogo.com.br\/index.php?rest_route=%2Fwp%2Fv2%2Fmedia&parent=86"}],"wp:term":[{"taxonomy":"product_brand","embeddable":true,"href":"https:\/\/depositobotafogo.com.br\/index.php?rest_route=%2Fwp%2Fv2%2Fproduct_brand&post=86"},{"taxonomy":"product_cat","embeddable":true,"href":"https:\/\/depositobotafogo.com.br\/index.php?rest_route=%2Fwp%2Fv2%2Fproduct_cat&post=86"},{"taxonomy":"product_tag","embeddable":true,"href":"https:\/\/depositobotafogo.com.br\/index.php?rest_route=%2Fwp%2Fv2%2Fproduct_tag&post=86"}],"curies":[{"name":"wp","href":"https:\/\/api.w.org\/{rel}","templated":true}]}}