{"id":92,"date":"2024-02-26T15:29:24","date_gmt":"2024-02-26T18:29:24","guid":{"rendered":"https:\/\/depositobotafogo.com.br\/?product=chuveiro-top-jet-lorenzetti"},"modified":"2025-04-28T14:32:53","modified_gmt":"2025-04-28T17:32:53","slug":"chuveiro-top-jet-lorenzetti","status":"publish","type":"product","link":"https:\/\/depositobotafogo.com.br\/?product=chuveiro-top-jet-lorenzetti","title":{"rendered":"Ducha Top Jet Multitemperaturas &#8211; Lorenzetti"},"content":{"rendered":"<div id=\"headingDetail\" class=\"card-header\" data-toggle=\"collapse\" data-target=\"#collapseDetail\" aria-expanded=\"false\" aria-controls=\"collapseDetail\">\n<h3>Detalhe<\/h3>\n<\/div>\n<div id=\"collapseDetail\" class=\"collapse show\" aria-labelledby=\"headingDetail\" data-parent=\"#detailContainer\">\n<div class=\"card-body\">\n<div class=\"selected-product__description-container--content\">\n<p><strong>Comando Multitemperaturas<\/strong><br \/>\nMais conforto e economia<\/p>\n<p><strong>Resist\u00eancia de Troca R\u00e1pida<\/strong><br \/>\nTipo refil, de f\u00e1cil acesso.<\/p>\n<p><strong>Grande Espalhador<\/strong><br \/>\nMais conforto no seu banho.<\/p>\n<p><strong>Haste de comando (uso opcional)<\/strong><br \/>\nTroca de temperatura ao alcance das m\u00e3os<\/p>\n<p><strong>D.R.I.<\/strong><br \/>\nDispositivo para regulagem da Inclina\u00e7\u00e3o<\/p>\n<\/div>\n<\/div>\n<\/div>\n","protected":false},"excerpt":{"rendered":"<p>Detalhe Comando Multitemperaturas Mais conforto e economia Resist\u00eancia de Troca R\u00e1pida Tipo refil, de f\u00e1cil acesso. Grande Espalhador Mais conforto&hellip;<\/p>\n","protected":false},"featured_media":717,"template":"","meta":[],"product_brand":[],"product_cat":[31,24,20],"product_tag":[],"class_list":{"0":"post-92","1":"product","2":"type-product","3":"status-publish","4":"has-post-thumbnail","6":"product_cat-banheiro","7":"product_cat-chuveiros","8":"product_cat-hidraulica","10":"first","11":"instock","12":"shipping-taxable","13":"product-type-simple"},"_links":{"self":[{"href":"https:\/\/depositobotafogo.com.br\/index.php?rest_route=\/wp\/v2\/product\/92","targetHints":{"allow":["GET"]}}],"collection":[{"href":"https:\/\/depositobotafogo.com.br\/index.php?rest_route=\/wp\/v2\/product"}],"about":[{"href":"https:\/\/depositobotafogo.com.br\/index.php?rest_route=\/wp\/v2\/types\/product"}],"wp:featuredmedia":[{"embeddable":true,"href":"https:\/\/depositobotafogo.com.br\/index.php?rest_route=\/wp\/v2\/media\/717"}],"wp:attachment":[{"href":"https:\/\/depositobotafogo.com.br\/index.php?rest_route=%2Fwp%2Fv2%2Fmedia&parent=92"}],"wp:term":[{"taxonomy":"product_brand","embeddable":true,"href":"https:\/\/depositobotafogo.com.br\/index.php?rest_route=%2Fwp%2Fv2%2Fproduct_brand&post=92"},{"taxonomy":"product_cat","embeddable":true,"href":"https:\/\/depositobotafogo.com.br\/index.php?rest_route=%2Fwp%2Fv2%2Fproduct_cat&post=92"},{"taxonomy":"product_tag","embeddable":true,"href":"https:\/\/depositobotafogo.com.br\/index.php?rest_route=%2Fwp%2Fv2%2Fproduct_tag&post=92"}],"curies":[{"name":"wp","href":"https:\/\/api.w.org\/{rel}","templated":true}]}}