{"id":951,"date":"2025-04-05T11:47:36","date_gmt":"2025-04-05T14:47:36","guid":{"rendered":"https:\/\/depositobotafogo.com.br\/?post_type=product&#038;p=951"},"modified":"2025-04-05T11:47:36","modified_gmt":"2025-04-05T14:47:36","slug":"vaso-afort-quadrado-apolo","status":"publish","type":"product","link":"https:\/\/depositobotafogo.com.br\/?product=vaso-afort-quadrado-apolo","title":{"rendered":"VASO AFORT QUADRADO APOLO"},"content":{"rendered":"<p><strong>Apolo<\/strong>\u00a0foi idealizado para os amantes de vasos quadrados com textura lisa acetinada.<\/p>\n<p>Os modelos de vaso Apolo \u00a0podem compor ambientes internos e externos, com garantia da qualidade do material contra intemp\u00e9ries.<\/p>\n<p>A inspira\u00e7\u00e3o para as cores de nossos vasos vem dos padr\u00f5es de cores \u00fanicos encontrados nos recortes feitos em rochas ornamentais naturais. Portanto, \u00e9 natural que exista varia\u00e7\u00e3o de cor entre os modelos.<\/p>\n<p>&nbsp;<\/p>\n<p>Est\u00e3o dispon\u00edveis: Caf\u00e9- 54cm, e 45cm.<\/p>\n<p>Bege- 54cm e 45cm.<\/p>\n<p>Pedra- 54cm.<\/p>\n","protected":false},"excerpt":{"rendered":"<p>Apolo\u00a0foi idealizado para os amantes de vasos quadrados com textura lisa acetinada. Os modelos de vaso Apolo \u00a0podem compor ambientes&hellip;<\/p>\n","protected":false},"featured_media":952,"template":"","meta":[],"product_brand":[],"product_cat":[15],"product_tag":[72,70,71],"class_list":{"0":"post-951","1":"product","2":"type-product","3":"status-publish","4":"has-post-thumbnail","6":"product_cat-sem-categoria","7":"product_tag-vaso","8":"product_tag-vaso-de-planta","9":"product_tag-vaso-para-planta","11":"first","12":"instock","13":"shipping-taxable","14":"product-type-simple"},"_links":{"self":[{"href":"https:\/\/depositobotafogo.com.br\/index.php?rest_route=\/wp\/v2\/product\/951","targetHints":{"allow":["GET"]}}],"collection":[{"href":"https:\/\/depositobotafogo.com.br\/index.php?rest_route=\/wp\/v2\/product"}],"about":[{"href":"https:\/\/depositobotafogo.com.br\/index.php?rest_route=\/wp\/v2\/types\/product"}],"wp:featuredmedia":[{"embeddable":true,"href":"https:\/\/depositobotafogo.com.br\/index.php?rest_route=\/wp\/v2\/media\/952"}],"wp:attachment":[{"href":"https:\/\/depositobotafogo.com.br\/index.php?rest_route=%2Fwp%2Fv2%2Fmedia&parent=951"}],"wp:term":[{"taxonomy":"product_brand","embeddable":true,"href":"https:\/\/depositobotafogo.com.br\/index.php?rest_route=%2Fwp%2Fv2%2Fproduct_brand&post=951"},{"taxonomy":"product_cat","embeddable":true,"href":"https:\/\/depositobotafogo.com.br\/index.php?rest_route=%2Fwp%2Fv2%2Fproduct_cat&post=951"},{"taxonomy":"product_tag","embeddable":true,"href":"https:\/\/depositobotafogo.com.br\/index.php?rest_route=%2Fwp%2Fv2%2Fproduct_tag&post=951"}],"curies":[{"name":"wp","href":"https:\/\/api.w.org\/{rel}","templated":true}]}}