{"id":956,"date":"2025-04-05T12:22:09","date_gmt":"2025-04-05T15:22:09","guid":{"rendered":"https:\/\/depositobotafogo.com.br\/?post_type=product&#038;p=956"},"modified":"2025-04-16T09:53:35","modified_gmt":"2025-04-16T12:53:35","slug":"vaso-afort-jardineira-tamara","status":"publish","type":"product","link":"https:\/\/depositobotafogo.com.br\/?product=vaso-afort-jardineira-tamara","title":{"rendered":"VASO AFORT JARDINEIRA TAMARA"},"content":{"rendered":"<div class=\"elementor-element elementor-element-0b03a04 elementor-widget elementor-widget-woocommerce-product-title elementor-page-title elementor-widget-heading\" data-id=\"0b03a04\" data-element_type=\"widget\" data-widget_type=\"woocommerce-product-title.default\">\n<div class=\"elementor-widget-container\">\n<h1 class=\"product_title entry-title elementor-heading-title elementor-size-default\">Vaso Jardineira<\/h1>\n<\/div>\n<\/div>\n<div class=\"elementor-element elementor-element-0915de2 elementor-widget elementor-widget-woocommerce-product-short-description\" data-id=\"0915de2\" data-element_type=\"widget\" data-widget_type=\"woocommerce-product-short-description.default\">\n<div class=\"elementor-widget-container\">\n<div class=\"woocommerce-product-details__short-description\">\n<p><strong>Tamara<\/strong>\u00a0\u00e9 a jardineira (ou floreira) da Terrano. Campe\u00e3 em custo-benef\u00edcio, ela \u00e9 uma \u00f3tima op\u00e7\u00e3o para agregar valor em seu portf\u00f3lio!<\/p>\n<p>Os modelos de vaso jardineira\u00a0podem compor ambientes internos e externos, com garantia da qualidade do material contra intemp\u00e9ries.<\/p>\n<p>A inspira\u00e7\u00e3o para as cores de nossos vasos vem dos padr\u00f5es de cores \u00fanicos encontrados nos recortes feitos em rochas ornamentais naturais. Portanto, \u00e9 natural que exista varia\u00e7\u00e3o de cor entre os modelos.<\/p>\n<p>Dispon\u00edveis:<\/p>\n<p>Caf\u00e9- 80cm e 60cm<\/p>\n<p>Bege- 80cm e 60cm<\/p>\n<\/div>\n<\/div>\n<\/div>\n","protected":false},"excerpt":{"rendered":"<p>Vaso Jardineira Tamara\u00a0\u00e9 a jardineira (ou floreira) da Terrano. Campe\u00e3 em custo-benef\u00edcio, ela \u00e9 uma \u00f3tima op\u00e7\u00e3o para agregar valor&hellip;<\/p>\n","protected":false},"featured_media":957,"template":"","meta":[],"product_brand":[],"product_cat":[15],"product_tag":[72,70,71],"class_list":{"0":"post-956","1":"product","2":"type-product","3":"status-publish","4":"has-post-thumbnail","6":"product_cat-sem-categoria","7":"product_tag-vaso","8":"product_tag-vaso-de-planta","9":"product_tag-vaso-para-planta","11":"first","12":"instock","13":"shipping-taxable","14":"product-type-simple"},"_links":{"self":[{"href":"https:\/\/depositobotafogo.com.br\/index.php?rest_route=\/wp\/v2\/product\/956","targetHints":{"allow":["GET"]}}],"collection":[{"href":"https:\/\/depositobotafogo.com.br\/index.php?rest_route=\/wp\/v2\/product"}],"about":[{"href":"https:\/\/depositobotafogo.com.br\/index.php?rest_route=\/wp\/v2\/types\/product"}],"wp:featuredmedia":[{"embeddable":true,"href":"https:\/\/depositobotafogo.com.br\/index.php?rest_route=\/wp\/v2\/media\/957"}],"wp:attachment":[{"href":"https:\/\/depositobotafogo.com.br\/index.php?rest_route=%2Fwp%2Fv2%2Fmedia&parent=956"}],"wp:term":[{"taxonomy":"product_brand","embeddable":true,"href":"https:\/\/depositobotafogo.com.br\/index.php?rest_route=%2Fwp%2Fv2%2Fproduct_brand&post=956"},{"taxonomy":"product_cat","embeddable":true,"href":"https:\/\/depositobotafogo.com.br\/index.php?rest_route=%2Fwp%2Fv2%2Fproduct_cat&post=956"},{"taxonomy":"product_tag","embeddable":true,"href":"https:\/\/depositobotafogo.com.br\/index.php?rest_route=%2Fwp%2Fv2%2Fproduct_tag&post=956"}],"curies":[{"name":"wp","href":"https:\/\/api.w.org\/{rel}","templated":true}]}}