{"id":962,"date":"2025-04-05T13:35:54","date_gmt":"2025-04-05T16:35:54","guid":{"rendered":"https:\/\/depositobotafogo.com.br\/?post_type=product&#038;p=962"},"modified":"2025-04-16T11:52:28","modified_gmt":"2025-04-16T14:52:28","slug":"vaso-afort-conico-aldora","status":"publish","type":"product","link":"https:\/\/depositobotafogo.com.br\/?product=vaso-afort-conico-aldora","title":{"rendered":"VASO AFORT CONICO ALDORA"},"content":{"rendered":"<p><strong>Aldora<\/strong>\u00a0\u00e9 o cl\u00e1ssico modelo c\u00f4nico com um toque de textura lisa acetinada. Por ocupar pouco lugar nos ambientes e transformar totalmente as decora\u00e7\u00f5es, ele \u00e9 um sucesso de vendas que agrega muito valor em todos os portf\u00f3lios.<\/p>\n<p>O modelo de vaso c\u00f4nico Aldorpode compor ambientes internos e externos, com garantia da qualidade do material contra intemp\u00e9ries.<\/p>\n<p>A inspira\u00e7\u00e3o para as cores de nossos vasos vem dos padr\u00f5es de cores \u00fanicos encontrados nos recortes feitos em rochas ornamentais naturais. Portanto, \u00e9 natural que exista varia\u00e7\u00e3o de cor entre os modelos.<\/p>\n<p>Dispon\u00edveis:<\/p>\n<p>Bege- 56cm<\/p>\n","protected":false},"excerpt":{"rendered":"<p>Aldora\u00a0\u00e9 o cl\u00e1ssico modelo c\u00f4nico com um toque de textura lisa acetinada. Por ocupar pouco lugar nos ambientes e transformar&hellip;<\/p>\n","protected":false},"featured_media":963,"template":"","meta":[],"product_brand":[],"product_cat":[15],"product_tag":[72,70,71],"class_list":{"0":"post-962","1":"product","2":"type-product","3":"status-publish","4":"has-post-thumbnail","6":"product_cat-sem-categoria","7":"product_tag-vaso","8":"product_tag-vaso-de-planta","9":"product_tag-vaso-para-planta","11":"first","12":"instock","13":"shipping-taxable","14":"product-type-simple"},"_links":{"self":[{"href":"https:\/\/depositobotafogo.com.br\/index.php?rest_route=\/wp\/v2\/product\/962","targetHints":{"allow":["GET"]}}],"collection":[{"href":"https:\/\/depositobotafogo.com.br\/index.php?rest_route=\/wp\/v2\/product"}],"about":[{"href":"https:\/\/depositobotafogo.com.br\/index.php?rest_route=\/wp\/v2\/types\/product"}],"wp:featuredmedia":[{"embeddable":true,"href":"https:\/\/depositobotafogo.com.br\/index.php?rest_route=\/wp\/v2\/media\/963"}],"wp:attachment":[{"href":"https:\/\/depositobotafogo.com.br\/index.php?rest_route=%2Fwp%2Fv2%2Fmedia&parent=962"}],"wp:term":[{"taxonomy":"product_brand","embeddable":true,"href":"https:\/\/depositobotafogo.com.br\/index.php?rest_route=%2Fwp%2Fv2%2Fproduct_brand&post=962"},{"taxonomy":"product_cat","embeddable":true,"href":"https:\/\/depositobotafogo.com.br\/index.php?rest_route=%2Fwp%2Fv2%2Fproduct_cat&post=962"},{"taxonomy":"product_tag","embeddable":true,"href":"https:\/\/depositobotafogo.com.br\/index.php?rest_route=%2Fwp%2Fv2%2Fproduct_tag&post=962"}],"curies":[{"name":"wp","href":"https:\/\/api.w.org\/{rel}","templated":true}]}}