{"id":990,"date":"2025-04-24T16:30:29","date_gmt":"2025-04-24T19:30:29","guid":{"rendered":"https:\/\/depositobotafogo.com.br\/?post_type=product&#038;p=990"},"modified":"2025-04-28T14:26:08","modified_gmt":"2025-04-28T17:26:08","slug":"ducha-intense-eletronica-220v-7-800w-super-potente-cor-white","status":"publish","type":"product","link":"https:\/\/depositobotafogo.com.br\/?product=ducha-intense-eletronica-220v-7-800w-super-potente-cor-white","title":{"rendered":"DUCHA INTENSE ELETR\u00d4NICA &#8211; 220V~ &#8211; 7.800W SUPER POTENTE &#8211; COR WHITE"},"content":{"rendered":"<p><strong>Ducha Intense Eletr\u00f4nica FAME, muita \u00e1gua quente. Mude seu conceito sobre intenso.<\/strong><\/p>\n<p>Com design diferenciado, um exclusivo sistema eletr\u00f4nico de controle de temperatura e um espalhador de \u00e1gua projetado para oferecer o maior volume de \u00e1gua, a Ducha Intense Eletr\u00f4nica FAME \u00e9 perfeita para um banho envolvente e agrad\u00e1vel, agregando sofistica\u00e7\u00e3o, eleg\u00e2ncia e toda a experi\u00eancia de mais um produto de qualidade da marca FAME.<\/p>\n<p>&nbsp;<\/p>\n<p><strong>&#8211; Banho confort\u00e1vel, com muita \u00e1gua quente.<\/strong><\/p>\n<p><strong>&#8211; Desviador Inteligente.<\/strong><\/p>\n<p><strong>&#8211; Controle Eletr\u00f4nico de temperatura com haste remov\u00edvel que facilita o acesso, na hora de selecionar.<\/strong><\/p>\n","protected":false},"excerpt":{"rendered":"<p>Ducha Intense Eletr\u00f4nica FAME, muita \u00e1gua quente. Mude seu conceito sobre intenso. Com design diferenciado, um exclusivo sistema eletr\u00f4nico de&hellip;<\/p>\n","protected":false},"featured_media":988,"template":"","meta":[],"product_brand":[],"product_cat":[31,24],"product_tag":[],"class_list":{"0":"post-990","1":"product","2":"type-product","3":"status-publish","4":"has-post-thumbnail","6":"product_cat-banheiro","7":"product_cat-chuveiros","9":"first","10":"instock","11":"shipping-taxable","12":"product-type-simple"},"_links":{"self":[{"href":"https:\/\/depositobotafogo.com.br\/index.php?rest_route=\/wp\/v2\/product\/990","targetHints":{"allow":["GET"]}}],"collection":[{"href":"https:\/\/depositobotafogo.com.br\/index.php?rest_route=\/wp\/v2\/product"}],"about":[{"href":"https:\/\/depositobotafogo.com.br\/index.php?rest_route=\/wp\/v2\/types\/product"}],"wp:featuredmedia":[{"embeddable":true,"href":"https:\/\/depositobotafogo.com.br\/index.php?rest_route=\/wp\/v2\/media\/988"}],"wp:attachment":[{"href":"https:\/\/depositobotafogo.com.br\/index.php?rest_route=%2Fwp%2Fv2%2Fmedia&parent=990"}],"wp:term":[{"taxonomy":"product_brand","embeddable":true,"href":"https:\/\/depositobotafogo.com.br\/index.php?rest_route=%2Fwp%2Fv2%2Fproduct_brand&post=990"},{"taxonomy":"product_cat","embeddable":true,"href":"https:\/\/depositobotafogo.com.br\/index.php?rest_route=%2Fwp%2Fv2%2Fproduct_cat&post=990"},{"taxonomy":"product_tag","embeddable":true,"href":"https:\/\/depositobotafogo.com.br\/index.php?rest_route=%2Fwp%2Fv2%2Fproduct_tag&post=990"}],"curies":[{"name":"wp","href":"https:\/\/api.w.org\/{rel}","templated":true}]}}